{"id":50,"date":"2020-06-08T21:22:01","date_gmt":"2020-06-08T21:22:01","guid":{"rendered":"http:\/\/entdecke-die-natur.org\/?page_id=50"},"modified":"2020-06-08T21:38:52","modified_gmt":"2020-06-08T21:38:52","slug":"datenschutzerklaerung","status":"publish","type":"page","link":"http:\/\/entdecke-die-natur.org\/?page_id=50","title":{"rendered":"Datenschutzerkl\u00e4rung"},"content":{"rendered":"\n<p class=\"has-text-color has-accent-color\"><strong>Grundlegendes<\/strong><\/p>\n\n\n\n<p>Diese Datenschutzerkl\u00e4rung soll die Nutzer dieser Website \u00fcber die Art, den Umfang und den Zweck der Erhebung und Verwendung personenbezogener Daten durch den Websitebetreiber Entdecke die Natur e.V. informieren.<\/p>\n\n\n\n<p>Der Websitebetreiber nimmt Ihren Datenschutz sehr ernst und behandelt Ihre personenbezogenen Daten vertraulich und entsprechend der gesetzlichen Vorschriften. Da durch neue Technologien und die st\u00e4ndige Weiterentwicklung dieser Webseite \u00c4nderungen an dieser Datenschutzerkl\u00e4rung vorgenommen werden k\u00f6nnen, empfehlen wir Ihnen, sich die Datenschutzerkl\u00e4rung in regelm\u00e4\u00dfigen Abst\u00e4nden wieder durchzulesen.<\/p>\n\n\n\n<p>Definitionen der verwendeten Begriffe (z.B. \u201cpersonenbezogene Daten\u201d oder \u201cVerarbeitung\u201d) finden Sie in Art. 4 DSGVO.<\/p>\n\n\n\n<p class=\"has-text-color has-accent-color\"><strong>Zugriffsdaten<\/strong><\/p>\n\n\n\n<p>Wir, der Websitebetreiber bzw. Seitenprovider, erheben aufgrund unseres berechtigten Interesses (s. Art. 6 Abs. 1 lit. f. DSGVO) Daten \u00fcber Zugriffe auf die Website und speichern diese als \u201eServer-Logfiles\u201c auf dem Server der Website ab. Folgende Daten werden so protokolliert:<\/p>\n\n\n\n<ul><li>Besuchte Website<\/li><li>Uhrzeit zum Zeitpunkt des Zugriffes<\/li><li>Menge der gesendeten Daten in Byte<\/li><li>Quelle\/Verweis, von welchem Sie auf die Seite gelangten<\/li><li>Verwendeter Browser<\/li><li>Verwendetes Betriebssystem<\/li><li>Verwendete IP-Adresse<\/li><\/ul>\n\n\n\n<p>Die Server-Logfiles werden f\u00fcr maximal 7 Tage gespeichert und anschlie\u00dfend gel\u00f6scht. Die Speicherung der Daten erfolgt aus Sicherheitsgr\u00fcnden, um z. B. Missbrauchsf\u00e4lle aufkl\u00e4ren zu k\u00f6nnen. M\u00fcssen Daten aus Beweisgr\u00fcnden aufgehoben werden, sind sie solange von der L\u00f6schung ausgenommen bis der Vorfall endg\u00fcltig gekl\u00e4rt ist.<\/p>\n\n\n\n<p class=\"has-text-color has-accent-color\"><strong>Reichweitenmessung &amp; Cookies<\/strong><\/p>\n\n\n\n<p>Diese Website verwendet Cookies zur pseudonymisierten Reichweitenmessung, die entweder von unserem Server oder dem Server Dritter an den Browser des Nutzers \u00fcbertragen werden. Bei Cookies handelt es sich um kleine Dateien, welche auf Ihrem Endger\u00e4t gespeichert werden. Ihr Browser greift auf diese Dateien zu. Durch den Einsatz von Cookies erh\u00f6ht sich die Benutzerfreundlichkeit und Sicherheit dieser Website.<\/p>\n\n\n\n<p>Falls Sie nicht m\u00f6chten, dass Cookies zur Reichweitenmessung auf Ihrem Endger\u00e4t gespeichert werden, k\u00f6nnen Sie dem Einsatz dieser Dateien hier widersprechen:<\/p>\n\n\n\n<ul><li>Cookie-Deaktivierungsseite der Netzwerkwerbeinitiative: <a href=\"http:\/\/optout.networkadvertising.org\/?c=1#!\/\" target=\"_blank\" rel=\"noreferrer noopener\">http:\/\/optout.networkadvertising.org\/?c=1#!\/<\/a><\/li><li>Cookie-Deaktivierungsseite der US-amerikanischen Website: <a href=\"http:\/\/optout.aboutads.info\/?c=2#!\/\" target=\"_blank\" rel=\"noreferrer noopener\">http:\/\/optout.aboutads.info\/?c=2#!\/<\/a><\/li><li>Cookie-Deaktivierungsseite der europ\u00e4ischen Website: <a href=\"http:\/\/optout.networkadvertising.org\/?c=1#!\/\" target=\"_blank\" rel=\"noreferrer noopener\">http:\/\/optout.networkadvertising.org\/?c=1#!\/<\/a><\/li><\/ul>\n\n\n\n<p>G\u00e4ngige Browser bieten die Einstellungsoption, Cookies nicht zuzulassen. Hinweis: Es ist nicht gew\u00e4hrleistet, dass Sie auf alle Funktionen dieser Website ohne Einschr\u00e4nkungen zugreifen k\u00f6nnen, wenn Sie entsprechende Einstellungen vornehmen.<\/p>\n\n\n\n<p class=\"has-text-color has-accent-color\"><strong>Erfassung und Verarbeitung personenbezogener Daten<\/strong><\/p>\n\n\n\n<p>Der Websitebetreiber erhebt, nutzt und gibt Ihre personenbezogenen Daten nur dann weiter, wenn dies im gesetzlichen Rahmen erlaubt ist oder Sie in die Datenerhebung einwilligen.<\/p>\n\n\n\n<p>Als personenbezogene Daten gelten s\u00e4mtliche Informationen, welche dazu dienen, Ihre Person zu bestimmen und welche zu Ihnen zur\u00fcckverfolgt werden k\u00f6nnen \u2013 also beispielsweise Ihr Name, Ihre E-Mail-Adresse und Telefonnummer.<\/p>\n\n\n\n<p>Diese Website k\u00f6nnen Sie auch besuchen, ohne Angaben zu Ihrer Person zu machen. Zur Verbesserung unseres Online-Angebotes speichern wir jedoch (ohne Personenbezug) Ihre Zugriffsdaten auf diese Website. Zu diesen Zugriffsdaten geh\u00f6ren z. B. die von Ihnen angeforderte Datei oder der Name Ihres Internet-Providers. Durch die Anonymisierung der Daten sind R\u00fcckschl\u00fcsse auf Ihre Person nicht m\u00f6glich.<\/p>\n\n\n\n<p>Wir erheben personenbezogene Daten nur im Rahmen einer Mitgliedschaft im Verein oder einer Betreuung in unserem Waldkindergarten. Hierzu holen wir jeweils Ihre ausdr\u00fcckliche Genehmigung ein und verarbeiten die personenbezogenen Daten unter Einhaltung der geltenden Datenschutzbestimmungen. Die Verarbeitung der personenbezogenen Daten erfolgt aufgrund unseres berechtigten Interesses zur ordentlichen F\u00fchrung unseres Vereins bzw. Kindergartens.<\/p>\n\n\n\n<p class=\"has-text-color has-accent-color\"><strong>Umgang mit Kontaktdaten<\/strong><\/p>\n\n\n\n<p>Nehmen Sie mit uns als Websitebetreiber durch die angebotenen Kontaktm\u00f6glichkeiten Verbindung auf, werden Ihre Angaben gespeichert, damit auf diese zur Bearbeitung und Beantwortung Ihrer Anfrage zur\u00fcckgegriffen werden kann. Ohne Ihre Einwilligung werden diese Daten nicht an Dritte weitergegeben.<\/p>\n\n\n\n<p class=\"has-text-color has-accent-color\"><strong>Umgang mit Kommentaren und Beitr\u00e4gen<\/strong><\/p>\n\n\n\n<p>Hinterlassen Sie auf dieser Website einen Beitrag oder Kommentar, wird Ihre IP-Adresse gespeichert. Dies erfolgt aufgrund unserer berechtigten Interessen im Sinne des Art. 6 Abs. 1 lit. f. DSGVO und dient der Sicherheit von uns als Websitebetreiber: Denn sollte Ihr Kommentar gegen geltendes Recht versto\u00dfen, k\u00f6nnen wir daf\u00fcr belangt werden, weshalb wir ein Interesse an der Identit\u00e4t des Kommentar-bzw. Beitragsautors haben.<\/p>\n\n\n\n<p><strong>Nutzung von Social-Media-Plugins von Facebook<\/strong><\/p>\n\n\n\n<p>Aufgrund unseres berechtigten Interesses an der Analyse, Optimierung und dem Betrieb unseres Online-Angebotes (im Sinne des Art. 6 Abs. 1 lit. f. DSGVO), verwendet diese Website das Facebook-Social-Plugin, welches von der Facebook Inc. (1 Hacker Way, Menlo Park, California 94025, USA) betrieben wird. Erkennbar sind die Einbindungen an dem Facebook-Logo bzw. an den Begriffen \u201eLike\u201c, \u201eGef\u00e4llt mir\u201c, \u201eTeilen\u201c in den Farben Facebooks (Blau und Wei\u00df). Informationen zu allen Facebook-Plugins finden Sie \u00fcber den folgenden Link: <a href=\"https:\/\/developers.facebook.com\/docs\/plugins\/\" target=\"_blank\" rel=\"noreferrer noopener\">https:\/\/developers.facebook.com\/docs\/plugins\/<\/a><\/p>\n\n\n\n<p>Facebook Inc. h\u00e4lt das europ\u00e4ische Datenschutzrecht ein und ist unter dem Privacy-Shield-Abkommen zertifiziert: <a href=\"https:\/\/www.privacyshield.gov\/participant?id=a2zt0000000GnywAAC&amp;status=Active\" target=\"_blank\" rel=\"noreferrer noopener\">https:\/\/www.privacyshield.gov\/<\/a><\/p>\n\n\n\n<p>Das Plugin stellt eine direkte Verbindung zwischen Ihrem Browser und den Facebook-Servern her. Der Websitebetreiber hat keinerlei Einfluss auf die Natur und den Umfang der Daten, welche das Plugin an die Server der Facebook Inc. \u00fcbermittelt. Informationen dazu finden Sie hier: <a href=\"https:\/\/www.facebook.com\/help\/186325668085084\">https:\/\/www.facebook.com\/help\/<\/a>186325668085084 (\u201cWelche Informationen erh\u00e4lt Facebook, wenn ich eine Website mit dem \u201eGef\u00e4llt mir\u201c-Button besuche?\u201d)<\/p>\n\n\n\n<p>Das Plugin informiert die Facebook Inc. dar\u00fcber, dass Sie als Nutzer diese Website besucht haben. Es besteht hierbei die M\u00f6glichkeit, dass Ihre IP-Adresse gespeichert wird. Sind Sie w\u00e4hrend des Besuchs auf dieser Website in Ihrem Facebook-Konto eingeloggt, werden die genannten Informationen mit diesem verkn\u00fcpft.<\/p>\n\n\n\n<p>Nutzen Sie die Funktionen des Plugins \u2013 etwa indem Sie einen Beitrag teilen oder \u201eliken\u201c \u2013, werden die entsprechenden Informationen ebenfalls an die Facebook Inc. \u00fcbermittelt.<\/p>\n\n\n\n<p>M\u00f6chten Sie verhindern, dass die Facebook. Inc. diese Daten mit Ihrem Facebook-Konto verkn\u00fcpft, loggen Sie sich bitte vor dem Besuch dieser Website bei Facebook aus und l\u00f6schen Sie die gespeicherten Cookies. \u00dcber Ihr Facebook-Profil k\u00f6nnen Sie weitere Einstellungen zur Datenverarbeitung f\u00fcr Werbezwecke t\u00e4tigen oder der Nutzung Ihrer Daten f\u00fcr Werbezwecke widersprechen. Zu den Einstellungen gelangen Sie hier:<\/p>\n\n\n\n<ul><li>Profileinstellungen bei Facebook: <a href=\"https:\/\/www.facebook.com\/ads\/preferences\/?entry_product=ad_settings_screen\" target=\"_blank\" rel=\"noreferrer noopener\">https:\/\/www.facebook.com\/ads\/preferences\/?entry_product=ad_settings_screen<\/a><\/li><li>Cookie-Deaktivierungsseite der US-amerikanischen Website: <a href=\"http:\/\/optout.aboutads.info\/?c=2#!\/\" target=\"_blank\" rel=\"noreferrer noopener\">http:\/\/optout.aboutads.info\/?c=2#!\/<\/a><\/li><li>Cookie-Deaktivierungsseite der europ\u00e4ischen Website: <a href=\"http:\/\/optout.networkadvertising.org\/?c=1#!\/\" target=\"_blank\" rel=\"noreferrer noopener\">http:\/\/optout.networkadvertising.org\/?c=1#!\/<\/a><\/li><\/ul>\n\n\n\n<p>Welche Daten, zu welchem Zweck und in welchem Umfang Facebook Daten erhebt, nutzt und verarbeitet und welche Rechte sowie Einstellungsm\u00f6glichkeiten Sie zum Schutz Ihrer Privatsph\u00e4re haben, k\u00f6nnen Sie in den Datenschutzrichtlinien von Facebook nachlesen. Diese finden Sie hier: <a href=\"https:\/\/www.facebook.com\/about\/privacy\/\" target=\"_blank\" rel=\"noreferrer noopener\">https:\/\/www.facebook.com\/about\/privacy\/<\/a><\/p>\n\n\n\n<p class=\"has-text-color has-accent-color\"><strong>Newsletter-Abonnement<\/strong><\/p>\n\n\n\n<p>Der Waldkindergarten bietet den Eltern der betreuten Kinder einen Newsletter in Form eines Wochenr\u00fcckblicks an, in welchem \u00fcber aktuelle Geschehnisse informiert. Hierzu willigen die Eltern bei der Anmeldung zum Kindergarten entweder explizit ein oder widersprechen dem Empfang.<\/p>\n\n\n\n<p>Der Newsletterversand erfolgt durch unser Betreuerteam.<\/p>\n\n\n\n<p>Widerruf und K\u00fcndigung: Die Einwilligung zum Erhalt des Newsletters kann jederzeit widerrufen und somit das Newsletter-Abonnement gek\u00fcndigt werden. Am Ende jedes Newsletters finden Sie den Link zur K\u00fcndigung.<\/p>\n\n\n\n<p class=\"has-text-color has-accent-color\"><strong>Rechte des Nutzers<\/strong><\/p>\n\n\n\n<p>Sie haben als Nutzer das Recht, auf Antrag eine kostenlose Auskunft dar\u00fcber zu erhalten, welche personenbezogenen Daten \u00fcber Sie gespeichert wurden. Sie haben au\u00dferdem das Recht auf Berichtigung falscher Daten und auf die Verarbeitungseinschr\u00e4nkung oder L\u00f6schung Ihrer personenbezogenen Daten. Falls zutreffend, k\u00f6nnen Sie auch Ihr Recht auf Datenportabilit\u00e4t geltend machen. Sollten Sie annehmen, dass Ihre Daten unrechtm\u00e4\u00dfig verarbeitet wurden, k\u00f6nnen Sie eine Beschwerde bei der zust\u00e4ndigen Aufsichtsbeh\u00f6rde einreichen.<\/p>\n\n\n\n<p class=\"has-text-color has-accent-color\"><strong>L\u00f6schung von Daten<\/strong><\/p>\n\n\n\n<p>Sofern Ihr Wunsch nicht mit einer gesetzlichen Pflicht zur Aufbewahrung von Daten (z. B. Vorratsdatenspeicherung) kollidiert, haben Sie ein Anrecht auf L\u00f6schung Ihrer Daten. Von uns gespeicherte Daten werden, sollten sie f\u00fcr ihre Zweckbestimmung nicht mehr vonn\u00f6ten sein und es keine gesetzlichen Aufbewahrungsfristen geben, gel\u00f6scht. Falls eine L\u00f6schung nicht durchgef\u00fchrt werden kann, da die Daten f\u00fcr zul\u00e4ssige gesetzliche Zwecke erforderlich sind, erfolgt eine Einschr\u00e4nkung der Datenverarbeitung. In diesem Fall werden die Daten gesperrt und nicht f\u00fcr andere Zwecke verarbeitet.<\/p>\n\n\n\n<p class=\"has-text-color has-accent-color\"><strong>Widerspruchsrecht<\/strong><\/p>\n\n\n\n<p>Nutzer dieser Webseite k\u00f6nnen von ihrem Widerspruchsrecht Gebrauch machen und der Verarbeitung ihrer personenbezogenen Daten zu jeder Zeit widersprechen.<\/p>\n\n\n\n<p>Wenn Sie eine Berichtigung, Sperrung, L\u00f6schung oder Auskunft \u00fcber die zu Ihrer Person gespeicherten personenbezogenen Daten w\u00fcnschen oder Fragen bzgl. der Erhebung, Verarbeitung oder Verwendung Ihrer personenbezogenen Daten haben oder erteilte Einwilligungen widerrufen m\u00f6chten, wenden Sie sich bitte an folgende E-Mail-Adresse: vereinsverwalter [at] entdecke-die-natur.org<\/p>\n\n\n\n<p class=\"has-small-font-size\">Dieses Impressum wurde mit Hilfe der Vorlage von <a href=\"https:\/\/www.datenschutz.org\/datenschutzerklaerung\/\">datenschutz.org<\/a> erstellt.<\/p>\n","protected":false},"excerpt":{"rendered":"<p>Grundlegendes Diese Datenschutzerkl\u00e4rung soll die Nutzer dieser Website \u00fcber die Art, den Umfang und den Zweck der Erhebung und Verwendung personenbezogener Daten durch den Websitebetreiber Entdecke die Natur e.V. informieren. Der Websitebetreiber nimmt Ihren Datenschutz sehr ernst und behandelt Ihre personenbezogenen Daten vertraulich und entsprechend der gesetzlichen Vorschriften. Da durch neue Technologien und die st\u00e4ndige [&hellip;]<\/p>\n","protected":false},"author":2,"featured_media":0,"parent":0,"menu_order":0,"comment_status":"closed","ping_status":"closed","template":"","meta":[],"_links":{"self":[{"href":"http:\/\/entdecke-die-natur.org\/index.php?rest_route=\/wp\/v2\/pages\/50"}],"collection":[{"href":"http:\/\/entdecke-die-natur.org\/index.php?rest_route=\/wp\/v2\/pages"}],"about":[{"href":"http:\/\/entdecke-die-natur.org\/index.php?rest_route=\/wp\/v2\/types\/page"}],"author":[{"embeddable":true,"href":"http:\/\/entdecke-die-natur.org\/index.php?rest_route=\/wp\/v2\/users\/2"}],"replies":[{"embeddable":true,"href":"http:\/\/entdecke-die-natur.org\/index.php?rest_route=%2Fwp%2Fv2%2Fcomments&post=50"}],"version-history":[{"count":2,"href":"http:\/\/entdecke-die-natur.org\/index.php?rest_route=\/wp\/v2\/pages\/50\/revisions"}],"predecessor-version":[{"id":54,"href":"http:\/\/entdecke-die-natur.org\/index.php?rest_route=\/wp\/v2\/pages\/50\/revisions\/54"}],"wp:attachment":[{"href":"http:\/\/entdecke-die-natur.org\/index.php?rest_route=%2Fwp%2Fv2%2Fmedia&parent=50"}],"curies":[{"name":"wp","href":"https:\/\/api.w.org\/{rel}","templated":true}]}}