{"id":17,"date":"2020-06-07T20:45:10","date_gmt":"2020-06-07T20:45:10","guid":{"rendered":"http:\/\/entdecke-die-natur.org\/?page_id=17"},"modified":"2020-06-08T21:40:28","modified_gmt":"2020-06-08T21:40:28","slug":"rechtliche-angaben","status":"publish","type":"page","link":"http:\/\/entdecke-die-natur.org\/?page_id=17","title":{"rendered":"Rechtliche Angaben"},"content":{"rendered":"\n<p class=\"has-text-color has-large-font-size has-accent-color\"><strong>Haftungsausschluss<\/strong><\/p>\n\n\n\n<p><strong>1. Haftung f\u00fcr Inhalte<\/strong><\/p>\n\n\n\n<p>Als Diensteanbieter sind wir gem\u00e4\u00df \u00a7 7 Abs. 1 TMG f\u00fcr eigene\nInhalte auf diesen Seiten nach den allgemeinen Gesetzen verantwortlich. Nach \u00a7\u00a7\n8 bis 10 TMG sind wir als Diensteanbieter jedoch nicht verpflichtet,\n\u00fcbermittelte oder gespeicherte fremde Informationen zu \u00fcberwachen oder nach\nUmst\u00e4nden zu forschen, die auf eine rechtswidrige T\u00e4tigkeit hinweisen.\nVerpflichtungen zur Entfernung oder Sperrung der Nutzung von Informationen nach\nden allgemeinen Gesetzen bleiben hiervon unber\u00fchrt. Eine diesbez\u00fcgliche Haftung\nist jedoch erst ab dem Zeitpunkt der Kenntnis einer konkreten Rechtsverletzung\nm\u00f6glich. Bei Bekanntwerden von entsprechenden Rechtsverletzungen werden wir\ndiese Inhalte umgehend entfernen.<\/p>\n\n\n\n<p><strong>2. Haftung f\u00fcr Links<\/strong><\/p>\n\n\n\n<p>Diese Website enth\u00e4lt Links zu externen Webseiten Dritter,\nauf deren Inhalte kein Einfluss genommen werden kann. Deshalb kann f\u00fcr diese\nfremden Inhalte auch keine Gew\u00e4hr \u00fcbernommen werden. F\u00fcr die Inhalte der\nverlinkten Seiten ist stets der jeweilige Anbieter oder Betreiber der Seiten\nverantwortlich. Die verlinkten Seiten wurden zum Zeitpunkt der Verlinkung auf\nm\u00f6gliche Rechtsverst\u00f6\u00dfe \u00fcberpr\u00fcft. Rechtswidrige Inhalte waren zum Zeitpunkt\nder Verlinkung nicht erkennbar. Eine permanente inhaltliche Kontrolle der\nverlinkten Seiten ist jedoch ohne konkrete Anhaltspunkte einer Rechtsverletzung\nnicht zumutbar. Bei Bekanntwerden von Rechtsverletzungen werden derartige Links\numgehend von dieser Website auf die rechtsverletzende Site entfernen.<\/p>\n\n\n\n<p><strong>3. Urheberrecht<\/strong><\/p>\n\n\n\n<p>Die durch die Diensteanbieter, deren Mitarbeiter und\nbeauftragte Dritte erstellten Inhalte und Werke auf diesen Seiten unterliegen\ndem deutschen Urheberrecht. Die Vervielf\u00e4ltigung, Bearbeitung, Verbreitung und\njede Art der Verwertung au\u00dferhalb der Grenzen des Urheberrechtes bed\u00fcrfen der\nvorherigen schriftlichen Zustimmung des jeweiligen Autors bzw. Erstellers.\nDownloads und Kopien dieser Seite sind nur f\u00fcr den privaten, nicht\nkommerziellen Gebrauch gestattet. Soweit die Inhalte auf dieser Seite nicht vom\nBetreiber erstellt wurden, werden die Urheberrechte Dritter beachtet.\nInsbesondere werden Inhalte Dritter als solche gekennzeichnet. Sollten Sie\ntrotzdem auf eine Urheberrechtsverletzung aufmerksam werden, bitten wir um\neinen entsprechenden Hinweis. Bei Bekanntwerden von Rechtsverletzungen werden\nderartige Inhalte umgehend entfernen.<\/p>\n\n\n\n<p class=\"has-small-font-size\">Dieser Haftungsausschluss wurde mit Hilfe des\n<a href=\"http:\/\/www.hensche.de\/impressum-generator.html\" target=\"_blank\" rel=\"noreferrer noopener\">Impressum-Generators<\/a> von <a href=\"http:\/\/www.hensche.de\/Rechtsanwalt_Arbeitsrecht_Berlin.html\" target=\"_blank\" rel=\"noreferrer noopener\">HENSCHE Rechtsanw\u00e4lte<\/a> erstellt.<\/p>\n","protected":false},"excerpt":{"rendered":"<p>Haftungsausschluss 1. Haftung f\u00fcr Inhalte Als Diensteanbieter sind wir gem\u00e4\u00df \u00a7 7 Abs. 1 TMG f\u00fcr eigene Inhalte auf diesen Seiten nach den allgemeinen Gesetzen verantwortlich. Nach \u00a7\u00a7 8 bis 10 TMG sind wir als Diensteanbieter jedoch nicht verpflichtet, \u00fcbermittelte oder gespeicherte fremde Informationen zu \u00fcberwachen oder nach Umst\u00e4nden zu forschen, die auf eine rechtswidrige [&hellip;]<\/p>\n","protected":false},"author":1,"featured_media":0,"parent":0,"menu_order":0,"comment_status":"closed","ping_status":"closed","template":"","meta":[],"_links":{"self":[{"href":"http:\/\/entdecke-die-natur.org\/index.php?rest_route=\/wp\/v2\/pages\/17"}],"collection":[{"href":"http:\/\/entdecke-die-natur.org\/index.php?rest_route=\/wp\/v2\/pages"}],"about":[{"href":"http:\/\/entdecke-die-natur.org\/index.php?rest_route=\/wp\/v2\/types\/page"}],"author":[{"embeddable":true,"href":"http:\/\/entdecke-die-natur.org\/index.php?rest_route=\/wp\/v2\/users\/1"}],"replies":[{"embeddable":true,"href":"http:\/\/entdecke-die-natur.org\/index.php?rest_route=%2Fwp%2Fv2%2Fcomments&post=17"}],"version-history":[{"count":5,"href":"http:\/\/entdecke-die-natur.org\/index.php?rest_route=\/wp\/v2\/pages\/17\/revisions"}],"predecessor-version":[{"id":56,"href":"http:\/\/entdecke-die-natur.org\/index.php?rest_route=\/wp\/v2\/pages\/17\/revisions\/56"}],"wp:attachment":[{"href":"http:\/\/entdecke-die-natur.org\/index.php?rest_route=%2Fwp%2Fv2%2Fmedia&parent=17"}],"curies":[{"name":"wp","href":"https:\/\/api.w.org\/{rel}","templated":true}]}}