{"id":13,"date":"2020-06-07T20:41:13","date_gmt":"2020-06-07T20:41:13","guid":{"rendered":"http:\/\/entdecke-die-natur.org\/?page_id=13"},"modified":"2024-03-10T10:17:37","modified_gmt":"2024-03-10T10:17:37","slug":"ueber-uns","status":"publish","type":"page","link":"http:\/\/entdecke-die-natur.org\/?page_id=13","title":{"rendered":"\u00dcber uns"},"content":{"rendered":"\n<p>Unser Ziel ist es, bei Menschen und insbesondere Kindern Naturverbundenheit und damit das Bewusstsein f\u00fcr die Notwendigkeit des Erhalts und Schutzes der Natur f\u00fcr unsere Zukunft zu f\u00f6rdern.<\/p>\n\n\n\n<p>Gegr\u00fcndet 2018, nutzt unser Verein die Natur als Grundlage f\u00fcr eine zukunftsorientierte Bildungsarbeit. Die Natur und Umwelt dienen dabei durch das individuelle Erleben, Lernen und Genie\u00dfen als Bildungspartner und Orientierungspunkt. Dies unterst\u00fctzen wir, indem wir uns an Werten orientieren, die auf Achtsamkeit beruhen und entsprechende Inhalte in unserer Bildungsarbeit vermitteln. Wir stehen f\u00fcr Nachhaltigkeit in jeder Hinsicht und den bewussten und achtsamen Umgang mit Natur und Umwelt sowie unseren Mitmenschen und uns selbst.<\/p>\n\n\n\n<div class=\"wp-block-file\"><a id=\"wp-block-file--media-38d77b77-f2fb-4f7e-bded-a69cb465fbc7\" href=\"http:\/\/entdecke-die-natur.org\/wp-content\/uploads\/2021\/07\/Satzung_Entdecke-die-Natur_Stand-2021.pdf\">Satzung_Entdecke die Natur_Stand 2021<\/a><a href=\"http:\/\/entdecke-die-natur.org\/wp-content\/uploads\/2021\/07\/Satzung_Entdecke-die-Natur_Stand-2021.pdf\" class=\"wp-block-file__button\" download aria-describedby=\"wp-block-file--media-38d77b77-f2fb-4f7e-bded-a69cb465fbc7\">Herunterladen<\/a><\/div>\n\n\n\n<p>Wir freuen uns sehr \u00fcber neue Mitglieder, egal ob sich diese aktiv in Umweltbildung oder Naturschutz einbringen wollen oder uns &#8220;einfach nur&#8221; mit einem regelm\u00e4\u00dfigen Vereinsbeitrag als F\u00f6rdermitglied unterst\u00fctzen.<\/p>\n\n\n\n<div class=\"wp-block-file\"><a id=\"wp-block-file--media-978f8878-2fe3-4d5d-9893-ad72e0ddb614\" href=\"http:\/\/entdecke-die-natur.org\/wp-content\/uploads\/2021\/07\/05-02-Antrag-auf-Vereinsmitgliedschaft_2021.pdf\">Antrag auf Vereinsmitgliedschaft<\/a><a href=\"http:\/\/entdecke-die-natur.org\/wp-content\/uploads\/2021\/07\/05-02-Antrag-auf-Vereinsmitgliedschaft_2021.pdf\" class=\"wp-block-file__button\" download aria-describedby=\"wp-block-file--media-978f8878-2fe3-4d5d-9893-ad72e0ddb614\">Herunterladen<\/a><\/div>\n\n\n\n<p class=\"has-accent-color has-text-color\"><strong>Nachhaltigkeit, Naturschutz, Umweltbildung und Zukunftsorientierung<\/strong><\/p>\n\n\n\n<p>Der von der deutschen Bundesregierung berufene \u201eRat f\u00fcr Nachhaltige Entwicklung\u201c fasst die Grundideen des Nachhaltigkeitskonzeptes mit den Worten zusammen: \u201eNachhaltige Entwicklung hei\u00dft, Umweltgesichtspunkte gleichberechtigt mit sozialen und wirtschaftlichen Gesichtspunkten zu ber\u00fccksichtigen. Zukunftsf\u00e4hig wirtschaften bedeutet also: Wir m\u00fcssen unseren Kindern und Enkelkindern ein intaktes \u00f6kologisches, soziales und \u00f6konomisches Gef\u00fcge hinterlassen. Das eine ist ohne das andere nicht zu haben.\u201c Wir m\u00f6chten Kindern und Erwachsenen die Bedeutung der Natur f\u00fcr unser Leben vermitteln und damit auch die Notwendigkeit, sie zu erhalten, indem wir sie sch\u00fctzen und dabei unterst\u00fctzen, sich zu regenerieren. Dies ist vor allem f\u00fcr die Zukunft unserer Kinder wichtig. Die Natur ist hierbei unser Bildungspartner, mit dem wir die Zusammenh\u00e4nge erkennen und an dem wir lernen, wie wir ihn bewahren k\u00f6nnen. Die in unserer Geisteshaltung verankerte Achtsamkeit  f\u00fchrt zu einem sozialen Miteinander, welches bei den Kindern die Grundlage f\u00fcr eine entsprechende Werteorientierung legt. Unseren Kindergarten und Verein f\u00fchren wir sowohl in \u00f6kologischer als auch sozialer und \u00f6konomischer Hinsicht nachhaltig und damit zukunftsorientiert.<\/p>\n","protected":false},"excerpt":{"rendered":"<p>Unser Ziel ist es, bei Menschen und insbesondere Kindern Naturverbundenheit und damit das Bewusstsein f\u00fcr die Notwendigkeit des Erhalts und Schutzes der Natur f\u00fcr unsere Zukunft zu f\u00f6rdern. Gegr\u00fcndet 2018, nutzt unser Verein die Natur als Grundlage f\u00fcr eine zukunftsorientierte Bildungsarbeit. Die Natur und Umwelt dienen dabei durch das individuelle Erleben, Lernen und Genie\u00dfen als [&hellip;]<\/p>\n","protected":false},"author":1,"featured_media":0,"parent":0,"menu_order":0,"comment_status":"closed","ping_status":"closed","template":"","meta":[],"_links":{"self":[{"href":"http:\/\/entdecke-die-natur.org\/index.php?rest_route=\/wp\/v2\/pages\/13"}],"collection":[{"href":"http:\/\/entdecke-die-natur.org\/index.php?rest_route=\/wp\/v2\/pages"}],"about":[{"href":"http:\/\/entdecke-die-natur.org\/index.php?rest_route=\/wp\/v2\/types\/page"}],"author":[{"embeddable":true,"href":"http:\/\/entdecke-die-natur.org\/index.php?rest_route=\/wp\/v2\/users\/1"}],"replies":[{"embeddable":true,"href":"http:\/\/entdecke-die-natur.org\/index.php?rest_route=%2Fwp%2Fv2%2Fcomments&post=13"}],"version-history":[{"count":6,"href":"http:\/\/entdecke-die-natur.org\/index.php?rest_route=\/wp\/v2\/pages\/13\/revisions"}],"predecessor-version":[{"id":361,"href":"http:\/\/entdecke-die-natur.org\/index.php?rest_route=\/wp\/v2\/pages\/13\/revisions\/361"}],"wp:attachment":[{"href":"http:\/\/entdecke-die-natur.org\/index.php?rest_route=%2Fwp%2Fv2%2Fmedia&parent=13"}],"curies":[{"name":"wp","href":"https:\/\/api.w.org\/{rel}","templated":true}]}}